{"id":3697,"date":"2018-07-23T08:24:40","date_gmt":"2018-07-23T07:24:40","guid":{"rendered":"http:\/\/brinkort.de\/?page_id=3697"},"modified":"2024-03-24T08:49:13","modified_gmt":"2024-03-24T07:49:13","slug":"faq","status":"publish","type":"page","link":"https:\/\/brinkort.de\/index.php\/faq\/?lang=de","title":{"rendered":"FAQ"},"content":{"rendered":"<div class=\"wpb-content-wrapper\"><p>[vc_row css=&#8221;.vc_custom_1508329017927{margin-top: 20px !important;}&#8221;][vc_column][lab_heading title=&#8221;H\u00e4ufig gestellte Fragen.&#8221;][\/lab_heading][\/vc_column][\/vc_row][vc_row content_placement=&#8221;bottom&#8221;][vc_column width=&#8221;2\/3&#8243; css=&#8221;.vc_custom_1506516157724{margin-bottom: 30px !important;}&#8221;][vc_tta_accordion gap=&#8221;10&#8243; c_icon=&#8221;chevron&#8221; active_section=&#8221;1&#8243; css_animation=&#8221;none&#8221; el_class=&#8221;accordion-construction-demo-style&#8221;][vc_tta_section title=&#8221;Ist es m\u00f6glich, in der Gegend zu radeln?&#8221; tab_id=&#8221;1506512406848-b09578ea-b956&#8243;][vc_column_text]<\/p>\n<p>Die Gegend um den Ferienhof BrinkOrt ist ideal zum Radfahren. Es gibt viele Radwege und ausgezeichnete Radwege.<\/p>\n<p>Der &#8220;Weserradweg&#8221; ist nicht weit von uns entfernt.<\/p>\n<p>[\/vc_column_text][\/vc_tta_section][vc_tta_section title=&#8221;Kann ich das Internet nutzen?&#8221; tab_id=&#8221;1506512722146-b69df5ff-906e&#8221;][vc_column_text]<\/p>\n<p>Ja, das k\u00f6nnen Sie, wir haben ein kostenloses WiFi-Netzwerk.<\/p>\n<p>[\/vc_column_text][\/vc_tta_section][vc_tta_section title=&#8221;Gibt es einen Supermarkt in der N\u00e4he?&#8221; tab_id=&#8221;1506512406822-bcbb71b1-2362&#8243;][vc_column_text]7 km entfernt befinden sich Lidl, Aldi und WEZ.<br \/>\nSollte Ihnen etwas fehlen, haben wir eine kleine Auswahl an verschiedenen Produkten.<\/p>\n<p>Am Abend k\u00f6nnen Sie Br\u00f6tchen bestellen, die am n\u00e4chsten Tag frisch gebacken geliefert werden.[\/vc_column_text][\/vc_tta_section][vc_tta_section title=&#8221;Fr\u00fchst\u00fcckspaket, was ist das?&#8221; tab_id=&#8221;1506512722997-3b945e0d-ee18&#8243;][vc_column_text]Wir bieten ein Fr\u00fchst\u00fcckspaket an, das Sie selbst zusammenstellen k\u00f6nnen. Wir bieten verschiedene Produkte wie belegte Br\u00f6tchen, K\u00e4se, Butter, Fleisch, Marmelade usw. an.[\/vc_column_text][\/vc_tta_section][vc_tta_section title=&#8221;Darf mein Hund auch mitkommen?&#8221; tab_id=&#8221;1527455499426-2c899e9e-93dc&#8221;][vc_column_text]<\/p>\n<p>In unseren Safarizelten ziehen wir es vor, keine Haustiere zu haben. Wenn Sie mit Ihrem eigenen Zelt oder Wohnwagen kommen, ist Ihr Hund sehr willkommen.<\/p>\n<p>[\/vc_column_text][\/vc_tta_section][vc_tta_section i_type=&#8221;linecons&#8221; i_icon_linecons=&#8221;vc_li vc_li-megaphone&#8221; add_icon=&#8221;true&#8221; title=&#8221;Ich habe noch weitere Fragen, was nun?&#8221; tab_id=&#8221;1506512758292-7a7331f6-1c3f&#8221;][vc_column_text]<\/p>\n<p>Bei Fragen sind Sie bei uns immer willkommen, telefonisch, per E-Mail oder per App, kein Problem. Wir helfen Ihnen gerne weiter.<\/p>\n<p>[\/vc_column_text][\/vc_tta_section][\/vc_tta_accordion][\/vc_column][vc_column width=&#8221;1\/3&#8243;][\/vc_column][\/vc_row]<\/p>\n<\/div>","protected":false},"excerpt":{"rendered":"<p>[vc_row css=&#8221;.vc_custom_1508329017927{margin-top: 20px !important;}&#8221;][vc_column][lab_heading title=&#8221;H\u00e4ufig gestellte Fragen.&#8221;][\/lab_heading][\/vc_column][\/vc_row][vc_row content_placement=&#8221;bottom&#8221;][vc_column width=&#8221;2\/3&#8243; css=&#8221;.vc_custom_1506516157724{margin-bottom: 30px !important;}&#8221;][vc_tta_accordion gap=&#8221;10&#8243; c_icon=&#8221;chevron&#8221; active_section=&#8221;1&#8243; css_animation=&#8221;none&#8221; el_class=&#8221;accordion-construction-demo-style&#8221;][vc_tta_section title=&#8221;Ist es m\u00f6glich, in der Gegend zu radeln?&#8221; tab_id=&#8221;1506512406848-b09578ea-b956&#8243;][vc_column_text] Die Gegend um den Ferienhof BrinkOrt ist ideal zum Radfahren. Es gibt viele Radwege und ausgezeichnete Radwege. Der &#8220;Weserradweg&#8221; ist nicht weit von uns entfernt. [\/vc_column_text][\/vc_tta_section][vc_tta_section title=&#8221;Kann ich das&hellip;<\/p>\n","protected":false},"author":1,"featured_media":0,"parent":0,"menu_order":1,"comment_status":"closed","ping_status":"closed","template":"","meta":{"_acf_changed":false,"footnotes":""},"class_list":["post-3697","page","type-page","status-publish","hentry"],"acf":[],"_links":{"self":[{"href":"https:\/\/brinkort.de\/index.php\/wp-json\/wp\/v2\/pages\/3697","targetHints":{"allow":["GET"]}}],"collection":[{"href":"https:\/\/brinkort.de\/index.php\/wp-json\/wp\/v2\/pages"}],"about":[{"href":"https:\/\/brinkort.de\/index.php\/wp-json\/wp\/v2\/types\/page"}],"author":[{"embeddable":true,"href":"https:\/\/brinkort.de\/index.php\/wp-json\/wp\/v2\/users\/1"}],"replies":[{"embeddable":true,"href":"https:\/\/brinkort.de\/index.php\/wp-json\/wp\/v2\/comments?post=3697"}],"version-history":[{"count":15,"href":"https:\/\/brinkort.de\/index.php\/wp-json\/wp\/v2\/pages\/3697\/revisions"}],"predecessor-version":[{"id":5280,"href":"https:\/\/brinkort.de\/index.php\/wp-json\/wp\/v2\/pages\/3697\/revisions\/5280"}],"wp:attachment":[{"href":"https:\/\/brinkort.de\/index.php\/wp-json\/wp\/v2\/media?parent=3697"}],"curies":[{"name":"wp","href":"https:\/\/api.w.org\/{rel}","templated":true}]}}